{"id":560,"date":"2022-07-14T17:46:28","date_gmt":"2022-07-14T17:46:28","guid":{"rendered":"https:\/\/malasantamezcal.com\/?post_type=product&#038;p=560"},"modified":"2024-04-19T19:31:19","modified_gmt":"2024-04-19T19:31:19","slug":"tepextate","status":"publish","type":"product","link":"https:\/\/malasantamezcal.com\/es\/producto\/tepextate\/","title":{"rendered":"Tepeztate"},"content":{"rendered":"<p>El agave marmorata crece exclusivamente en acantilados pedregosos. Le toma hasta 30 a\u00f1os el proceso de maduraci\u00f3n, en ciertas ocasiones favorables puede que madure entre 18-30 a\u00f1os. Sus hojas crecen en patrones ondulados y retorcidos. \n\nProfundo y complejo sabor dulce, herboso y picante. Final largo con notas de hierbas verdes.<br \/>\nsubtle fruit notes.<\/p>\n<p>&nbsp;<\/p>\n<p>Agave Species: Marmorata<\/p>\n<p>Age of Maguey: 18 &#8211; 30 years<\/p>\n<p>Elevation: 1700 meters (5577 feet)<\/p>\n<p>Roast Duration: 5-7 days<\/p>\n<p>Type of Wood: Oak<\/p>\n<p>Milling: Molino, Horse<\/p>\n<p>Size of Tinas: 1400 L<\/p>\n<p>Fermentation Duration: 6-8 days<\/p>\n<p>Water Source: Spring<\/p>\n<p>Still Type: Copper<\/p>","protected":false},"excerpt":{"rendered":"<p>El agave marmorata crece exclusivamente en acantilados pedregosos. Le toma hasta 30 a\u00f1os el proceso de maduraci\u00f3n, en ciertas ocasiones favorables puede que madure entre 18-30 a\u00f1os. Sus hojas crecen en patrones ondulados y retorcidos. \n\nProfundo y complejo sabor dulce, herboso y picante. Final largo con notas de hierbas verdes.<\/p>\n<p>&nbsp;<\/p>\n<p>Agave Species: Marmorata<\/p>\n<p>Age of Maguey: 18 &#8211; 30 years<\/p>\n<p>Elevation: 1700 meters (5577 feet)<\/p>\n<p>Roast Duration: 7-15 days<\/p>\n<p>Type of Wood: Oak<\/p>\n<p>Milling: Molino, Horse<\/p>\n<p>Size of Tinas: 1400 L<\/p>\n<p>Fermentation Duration: 6-8 days<\/p>\n<p>Water Source: Spring<\/p>\n<p>Still Type: Copper<\/p>","protected":false},"featured_media":3197,"comment_status":"open","ping_status":"closed","template":"","meta":[],"product_cat":[19],"product_tag":[],"_links":{"self":[{"href":"https:\/\/malasantamezcal.com\/es\/wp-json\/wp\/v2\/product\/560"}],"collection":[{"href":"https:\/\/malasantamezcal.com\/es\/wp-json\/wp\/v2\/product"}],"about":[{"href":"https:\/\/malasantamezcal.com\/es\/wp-json\/wp\/v2\/types\/product"}],"replies":[{"embeddable":true,"href":"https:\/\/malasantamezcal.com\/es\/wp-json\/wp\/v2\/comments?post=560"}],"wp:featuredmedia":[{"embeddable":true,"href":"https:\/\/malasantamezcal.com\/es\/wp-json\/wp\/v2\/media\/3197"}],"wp:attachment":[{"href":"https:\/\/malasantamezcal.com\/es\/wp-json\/wp\/v2\/media?parent=560"}],"wp:term":[{"taxonomy":"product_cat","embeddable":true,"href":"https:\/\/malasantamezcal.com\/es\/wp-json\/wp\/v2\/product_cat?post=560"},{"taxonomy":"product_tag","embeddable":true,"href":"https:\/\/malasantamezcal.com\/es\/wp-json\/wp\/v2\/product_tag?post=560"}],"curies":[{"name":"wp","href":"https:\/\/api.w.org\/{rel}","templated":true}]}}