{"id":562,"date":"2022-07-14T17:49:20","date_gmt":"2022-07-14T17:49:20","guid":{"rendered":"https:\/\/malasantamezcal.com\/?post_type=product&#038;p=562"},"modified":"2024-04-24T16:17:54","modified_gmt":"2024-04-24T16:17:54","slug":"salmiana","status":"publish","type":"product","link":"https:\/\/malasantamezcal.com\/es\/producto\/salmiana\/","title":{"rendered":"ENSAMBLE"},"content":{"rendered":"<div>\n<p>Conocido tambi\u00e9n como \u2018Pulquero\u2019 o \u2018El verde Gigante\u2019. Durante sus 15-20 a\u00f1os de maduraci\u00f3n sus hojas pueden crecer hasta m\u00e1s de 6 metros de largo. Esta es de las especies m\u00e1s grandes de agave. Culturas mesoamericanas usaron la salmiana por cientos de a\u00f1os para hacer \u2018Agua de Miel\u2019 con un toque de dulzura y perfil picante. \n\nDulce y picante acompa\u00f1ado de notas c\u00edtricas a medio paladar y un final refrescante limpio.<\/p>\n<p>45% ALC.-VOL. \u2013 750 ml<\/p>\n<p>Agave Species: Salmiana y Espadin<\/p>\n<p>Age of Maguey: 15-20 years for Salmiana and 6-8 years for Espadin<\/p>\n<p>Roast Duration: 5-7 days<\/p>\n<p>Type of Wood: Oak<\/p>\n<p>Milling: Molino, Horse<\/p>\n<p>Size of Tinas: 1400 L<\/p>\n<p>Fermentation Duration: 6-8 days<\/p>\n<p>Water Source: Spring<\/p>\n<p>Still Type: Copper<\/p>\n<\/div>","protected":false},"excerpt":{"rendered":"<p><span style=\"vertical-align: inherit;\"><span style=\"vertical-align: inherit;\"><span style=\"vertical-align: inherit;\"><span style=\"vertical-align: inherit;\"><span style=\"vertical-align: inherit;\"><span style=\"vertical-align: inherit;\"><span style=\"vertical-align: inherit;\"><span style=\"vertical-align: inherit;\"><span style=\"vertical-align: inherit;\"><span style=\"vertical-align: inherit;\"><span style=\"vertical-align: inherit;\"><span style=\"vertical-align: inherit;\"><span style=\"vertical-align: inherit;\"><span style=\"vertical-align: inherit;\"><span style=\"vertical-align: inherit;\"><span style=\"vertical-align: inherit;\">Las flores de Salmiana, tambi\u00e9n conocidas como &#8216;Pulquero o Gigante Verde&#8217;, pueden crecer m\u00e1s de 20 pies de altura en 15 a 20 a\u00f1os. Una de las especies m\u00e1s grandes del g\u00e9nero Agave. Ha sido utilizado por las culturas mesoamericanas durante cientos de a\u00f1os para hacer &#8220;Agua-Miel&#8221;. Perfil dulce y especiado con notas c\u00edtricas en el paladar medio y un final refrescante.<\/span><\/span><\/span><\/span><\/span><\/span><\/span><\/span><\/span><\/span><\/span><\/span><\/span><\/span><\/span><\/span><\/p>\n<p>&nbsp;<\/p>","protected":false},"featured_media":3199,"comment_status":"open","ping_status":"closed","template":"","meta":[],"product_cat":[19],"product_tag":[],"_links":{"self":[{"href":"https:\/\/malasantamezcal.com\/es\/wp-json\/wp\/v2\/product\/562"}],"collection":[{"href":"https:\/\/malasantamezcal.com\/es\/wp-json\/wp\/v2\/product"}],"about":[{"href":"https:\/\/malasantamezcal.com\/es\/wp-json\/wp\/v2\/types\/product"}],"replies":[{"embeddable":true,"href":"https:\/\/malasantamezcal.com\/es\/wp-json\/wp\/v2\/comments?post=562"}],"wp:featuredmedia":[{"embeddable":true,"href":"https:\/\/malasantamezcal.com\/es\/wp-json\/wp\/v2\/media\/3199"}],"wp:attachment":[{"href":"https:\/\/malasantamezcal.com\/es\/wp-json\/wp\/v2\/media?parent=562"}],"wp:term":[{"taxonomy":"product_cat","embeddable":true,"href":"https:\/\/malasantamezcal.com\/es\/wp-json\/wp\/v2\/product_cat?post=562"},{"taxonomy":"product_tag","embeddable":true,"href":"https:\/\/malasantamezcal.com\/es\/wp-json\/wp\/v2\/product_tag?post=562"}],"curies":[{"name":"wp","href":"https:\/\/api.w.org\/{rel}","templated":true}]}}