{"id":562,"date":"2022-07-14T17:49:20","date_gmt":"2022-07-14T17:49:20","guid":{"rendered":"https:\/\/malasantamezcal.com\/?post_type=product&#038;p=562"},"modified":"2024-04-24T16:17:54","modified_gmt":"2024-04-24T16:17:54","slug":"salmiana","status":"publish","type":"product","link":"https:\/\/malasantamezcal.com\/ja\/producto\/salmiana\/","title":{"rendered":"\u30a2\u30f3\u30b5\u30f3\u30d6\u30eb"},"content":{"rendered":"<div>\n<p>\u30b5\u30eb\u30df\u30a2\u30ca\u306f\u3001\u300c\u30d7\u30eb\u30b1\u30ed\u300d\u307e\u305f\u306f\u300c\u7dd1\u306e\u5de8\u4eba\u300d\u3068\u3082\u547c\u3070\u308c\u308b\n\u30ea\u30e5\u30a6\u30bc\u30c4\u30e9\u30f3\u5c5e\u306e\u4e2d\u3067\u6700\u3082\u5927\u304d\u3044\u7a2e\u306e\u4e00\u3064\u3067\n\u82b1\u306f15\u5e74\u201020\u5e74\u304b\u3051\u30666\uff4d\u307e\u3067\u6210\u9577\u3057\u307e\u3059\u3002\n\u3053\u306e\u690d\u7269\u306f\u4f55\u767e\u5e74\u3082\u306e\u9593\u3001\u300c\u30cf\u30cb\u30fc\u30a6\u30a9\u30fc\u30bf\u30fc\u300d\u3092\u4f5c\u308b\u305f\u3081\u306b\u611b\u7528\u3055\u308c\n\u30e1\u30bd\u30a2\u30e1\u30ea\u30ab\u30f3\u306e\u5589\u3092\u6f64\u3063\u3066\u3044\u307e\u3057\u305f\u3002\n\u7518\u3044\u9999\u308a\u306e\u4e2d\u76e4\u306b\u67d1\u6a58\u7cfb\u306e\u9999\u308a\u304c\u3042\u308a\u3001\u30b9\u30d1\u30a4\u30b7\u30fc\u3067\u723d\u3084\u304b\u306a\u5f8c\u5473\u304c\u7279\u5fb4\u3002\n\n\u4f55\u767e\u5e74\u3082\u306e\u9593\u3001\u30e1\u30bd\u30a2\u30e1\u30ea\u30ab\u306e\u6587\u5316\u3067\u300c\u30cf\u30cb\u30fc\u30a6\u30a9\u30fc\u30bf\u30fc\u300d\u3092\u4f5c\u308b\u305f\u3081\u306b\u4f7f\u7528\u3055\u308c\u3066\u304d\u307e\u3057\u305f\u3002\u7518\u304f\u3066\u30b9\u30d1\u30a4\u30b7\u30fc\u306a\u30d7\u30ed\u30d5\u30a1\u30a4\u30eb\u306b\u67d1\u6a58\u7cfb\u306e\u9999\u308a\u304c\u4e2d\u9593\u306b\u3042\u308a\u3001\u3055\u308f\u3084\u304b\u306a\u30d5\u30a3\u30cb\u30c3\u30b7\u30e5\u3067\u3059\u3002<\/p>\n<p>45% ALC.-VOL. \u2013 750 ml<\/p>\n<p>Agave Species: Salmiana y Espadin<\/p>\n<p>Age of Maguey: 15-20 years for Salmiana and 6-8 years for Espadin<\/p>\n<p>Roast Duration: 5-7 days<\/p>\n<p>Type of Wood: Oak<\/p>\n<p>Milling: Molino, Horse<\/p>\n<p>Size of Tinas: 1400 L<\/p>\n<p>Fermentation Duration: 6-8 days<\/p>\n<p>Water Source: Spring<\/p>\n<p>Still Type: Copper<\/p>\n<\/div>","protected":false},"excerpt":{"rendered":"<p><span style=\"vertical-align: inherit;\"><span style=\"vertical-align: inherit;\"><span style=\"vertical-align: inherit;\"><span style=\"vertical-align: inherit;\"><span style=\"vertical-align: inherit;\"><span style=\"vertical-align: inherit;\"><span style=\"vertical-align: inherit;\"><span style=\"vertical-align: inherit;\"><span style=\"vertical-align: inherit;\"><span style=\"vertical-align: inherit;\"><span style=\"vertical-align: inherit;\"><span style=\"vertical-align: inherit;\"><span style=\"vertical-align: inherit;\"><span style=\"vertical-align: inherit;\"><span style=\"vertical-align: inherit;\"><span style=\"vertical-align: inherit;\">Las flores de Salmiana, tambi\u00e9n conocidas como &#8216;Pulquero o Gigante Verde&#8217;, pueden crecer m\u00e1s de 20 pies de altura en 15 a 20 a\u00f1os. Una de las especies m\u00e1s grandes del g\u00e9nero Agave. Ha sido utilizado por las culturas mesoamericanas durante cientos de a\u00f1os para hacer &#8220;Agua-Miel&#8221;. Perfil dulce y especiado con notas c\u00edtricas en el paladar medio y un final refrescante.<\/span><\/span><\/span><\/span><\/span><\/span><\/span><\/span><\/span><\/span><\/span><\/span><\/span><\/span><\/span><\/span><\/p>\n<p>&nbsp;<\/p>","protected":false},"featured_media":3199,"comment_status":"open","ping_status":"closed","template":"","meta":[],"product_cat":[19],"product_tag":[],"_links":{"self":[{"href":"https:\/\/malasantamezcal.com\/ja\/wp-json\/wp\/v2\/product\/562"}],"collection":[{"href":"https:\/\/malasantamezcal.com\/ja\/wp-json\/wp\/v2\/product"}],"about":[{"href":"https:\/\/malasantamezcal.com\/ja\/wp-json\/wp\/v2\/types\/product"}],"replies":[{"embeddable":true,"href":"https:\/\/malasantamezcal.com\/ja\/wp-json\/wp\/v2\/comments?post=562"}],"wp:featuredmedia":[{"embeddable":true,"href":"https:\/\/malasantamezcal.com\/ja\/wp-json\/wp\/v2\/media\/3199"}],"wp:attachment":[{"href":"https:\/\/malasantamezcal.com\/ja\/wp-json\/wp\/v2\/media?parent=562"}],"wp:term":[{"taxonomy":"product_cat","embeddable":true,"href":"https:\/\/malasantamezcal.com\/ja\/wp-json\/wp\/v2\/product_cat?post=562"},{"taxonomy":"product_tag","embeddable":true,"href":"https:\/\/malasantamezcal.com\/ja\/wp-json\/wp\/v2\/product_tag?post=562"}],"curies":[{"name":"wp","href":"https:\/\/api.w.org\/{rel}","templated":true}]}}